{"id":2302,"date":"2021-05-03T11:13:08","date_gmt":"2021-05-03T11:13:08","guid":{"rendered":"http:\/\/rgawke.de\/mactwo\/?page_id=2302"},"modified":"2023-03-18T23:56:04","modified_gmt":"2023-03-18T23:56:04","slug":"einige-videos","status":"publish","type":"page","link":"http:\/\/rgawke.de\/mactwo\/?page_id=2302","title":{"rendered":"Videos auf YouTube"},"content":{"rendered":"<p>Hallo!<\/p>\n<p>Ich habe hier eine YouTube Seite mit einigen Amateurmitschnitten meiner musikalischen Projektarbeiten mit Handy-Ton von meinen Eins\u00e4tzen zusammengetragen.<\/p>\n<p>Dabei kann so ein Handyschnippsel nat\u00fcrlich nicht das Live-Feeling eines Gigs wiedergeben. Da m\u00fcsst ihr schon bei nem Live-Auftritt dabei sein. Also kommt n\u00e4chstes Mal einfach vorbei&#8230;<\/p>\n<p><em>(YouTube ist ja jetzt recht etabliert, aber wie immer k\u00f6nnen wir bei Nutzung des Links keinerlei Haftung f\u00fcr &#8222;irgendwas&#8220; \u00fcbernehmen &#8211; Muss halt gesagt werden&#8230;)<\/em><\/p>\n<p>Euer MAC!<\/p>\n<p><a href=\"https:\/\/www.youtube.com\/@RGAWKE\/videos\" target=\"_blank\" rel=\"noopener\">YouTube Kanal von Sounds like Mac<\/a><\/p>\n","protected":false},"excerpt":{"rendered":"<p>Hallo! Ich habe hier eine YouTube Seite mit einigen Amateurmitschnitten meiner musikalischen Projektarbeiten mit Handy-Ton von meinen Eins\u00e4tzen zusammengetragen. Dabei kann so ein Handyschnippsel nat\u00fcrlich nicht das Live-Feeling eines Gigs wiedergeben. Da m\u00fcsst ihr schon bei nem Live-Auftritt dabei sein. Also kommt n\u00e4chstes Mal einfach vorbei&#8230; (YouTube ist ja jetzt recht etabliert, aber wie immer &hellip; <a href=\"http:\/\/rgawke.de\/mactwo\/?page_id=2302\" class=\"more-link\"><span class=\"screen-reader-text\">Videos auf YouTube<\/span> weiterlesen <span class=\"meta-nav\">&rarr;<\/span><\/a><\/p>\n","protected":false},"author":1,"featured_media":0,"parent":0,"menu_order":0,"comment_status":"closed","ping_status":"closed","template":"","meta":{"footnotes":""},"class_list":["post-2302","page","type-page","status-publish","hentry"],"_links":{"self":[{"href":"http:\/\/rgawke.de\/mactwo\/index.php?rest_route=\/wp\/v2\/pages\/2302","targetHints":{"allow":["GET"]}}],"collection":[{"href":"http:\/\/rgawke.de\/mactwo\/index.php?rest_route=\/wp\/v2\/pages"}],"about":[{"href":"http:\/\/rgawke.de\/mactwo\/index.php?rest_route=\/wp\/v2\/types\/page"}],"author":[{"embeddable":true,"href":"http:\/\/rgawke.de\/mactwo\/index.php?rest_route=\/wp\/v2\/users\/1"}],"replies":[{"embeddable":true,"href":"http:\/\/rgawke.de\/mactwo\/index.php?rest_route=%2Fwp%2Fv2%2Fcomments&post=2302"}],"version-history":[{"count":4,"href":"http:\/\/rgawke.de\/mactwo\/index.php?rest_route=\/wp\/v2\/pages\/2302\/revisions"}],"predecessor-version":[{"id":2573,"href":"http:\/\/rgawke.de\/mactwo\/index.php?rest_route=\/wp\/v2\/pages\/2302\/revisions\/2573"}],"wp:attachment":[{"href":"http:\/\/rgawke.de\/mactwo\/index.php?rest_route=%2Fwp%2Fv2%2Fmedia&parent=2302"}],"curies":[{"name":"wp","href":"https:\/\/api.w.org\/{rel}","templated":true}]}}